{"id":15,"date":"2026-03-12T09:11:45","date_gmt":"2026-03-12T09:11:45","guid":{"rendered":"http:\/\/collection-stang-keroniel.fr\/?page_id=15"},"modified":"2026-04-14T09:39:51","modified_gmt":"2026-04-14T09:39:51","slug":"accueil","status":"publish","type":"page","link":"https:\/\/collection-stang-keroniel.fr\/","title":{"rendered":"Accueil"},"content":{"rendered":"\n<div class=\"container section-title-container\" style=\"margin-top:25px;\"><h3 class=\"section-title section-title-center\"><b aria-hidden=\"true\"><\/b><span class=\"section-title-main\" style=\"font-size:undefined%;\">Le site de Stang Keroniel<\/span><b aria-hidden=\"true\"><\/b><\/h3><\/div>\n\n\t<div id=\"gap-804264419\" class=\"gap-element clearfix\" style=\"display:block; height:auto;\">\n\t\t\n<style>\n#gap-804264419 {\n  padding-top: 30px;\n}\n<\/style>\n\t<\/div>\n\t\n\n\n  <div class=\"banner has-hover\" id=\"banner-2019807935\">\n          <div class=\"banner-inner fill\">\n        <div class=\"banner-bg fill\" >\n            <img loading=\"lazy\" decoding=\"async\" width=\"1020\" height=\"680\" src=\"https:\/\/collection-stang-keroniel.fr\/wp-content\/uploads\/2026\/04\/IMG_0280-1024x683.jpg\" class=\"bg attachment-large size-large\" alt=\"\" \/>                                    \n                    <\/div>\n\t\t\n        <div class=\"banner-layers container\">\n            <div class=\"fill banner-link\"><\/div>            \n\n   <div id=\"text-box-81695093\" class=\"text-box banner-layer x50 md-x50 lg-x50 y50 md-y50 lg-y50 res-text\">\n                                <div class=\"text-box-content text \">\n              \n              <div class=\"text-inner text-center\">\n                  \n\n<h3 class=\"uppercase\"><strong>List your Company<\/strong><\/h3>\n<p>Lorem ipsum dolor sit amet, consectetuer adipiscing elit, sed diam nonummy nibh euismod tincidunt ut laoreet dolore magna aliquam erat volutpat.<\/p>\n\n              <\/div>\n           <\/div>\n                            \n<style>\n#text-box-81695093 {\n  width: 60%;\n}\n#text-box-81695093 .text-box-content {\n  font-size: 100%;\n}\n@media (min-width:550px) {\n  #text-box-81695093 {\n    width: 40%;\n  }\n}\n<\/style>\n    <\/div>\n \n\n        <\/div>\n      <\/div>\n\n            \n<style>\n#banner-2019807935 {\n  padding-top: 400px;\n}\n#banner-2019807935 .banner-bg img {\n  object-position: 26% 17%;\n}\n<\/style>\n  <\/div>\n\n\n\n\t<section class=\"section\" id=\"section_92602286\">\n\t\t<div class=\"section-bg fill\" >\n\t\t\t\t\t\t\t\t\t\n\t\t\t\n\t<div class=\"is-border\"\n\t\tstyle=\"border-color:rgb(235, 235, 235);border-width:1px 0px 0px 0px;\">\n\t<\/div>\n\n\t\t<\/div>\n\n\t\t\n\n\t\t<div class=\"section-content relative\">\n\t\t\t\n\n<div class=\"row row-large align-middle align-center\"  id=\"row-767610451\">\n\n\n\t<div id=\"col-1252676019\" class=\"col medium-11 small-12 large-11\"  >\n\t\t\t\t<div class=\"col-inner text-center dark\"  >\n\t\t\t\n\t\t\t\n\n<h1>Bienvenue \u00e0 la collection de Stang Keroniel<\/h1>\n<h2>Une collection vivante d\u2019exception<\/h2>\n<p class=\"isSelectedEnd\">Vous pourrez d\u00e9couvrir au coeur d&#8217;un vallon un univers v\u00e9g\u00e9tal rare, o\u00f9 la nature r\u00e9v\u00e8le toute sa richesse et son \u00e9l\u00e9gance. Notre collection botanique rassemble des esp\u00e8ces soigneusement collectionn\u00e9es de <strong>rhododendrons<\/strong>, <strong>cam\u00e9lias<\/strong>, <strong>azal\u00e9es<\/strong>, <strong>magnolias<\/strong> et d\u2019<strong>arbres remarquables<\/strong>\u00a0avec passion et respect.<\/p>\n<h2>Une exp\u00e9rience sensorielle unique<\/h2>\n<p class=\"isSelectedEnd\">Depuis 1973,et au fil des saisons, le jardin se d\u00e9voile\u00a0<\/p>\n<ul data-spread=\"false\">\n<li style=\"text-align: left;\"><strong>Printemps<\/strong> : explosion de couleurs avec les azal\u00e9es et rhododendrons en fleurs<\/li>\n<li style=\"text-align: left;\"><strong>D\u00e9but d\u2019\u00e9t\u00e9<\/strong> : \u00e9l\u00e9gance des rhododendrons tardifs et des feuillages luxuriants<\/li>\n<li style=\"text-align: left;\"><strong>Automne<\/strong> : les arbres se parent de leurs plus belles couleurs avant de rentrer dans l&#8217;hiver<\/li>\n<li style=\"text-align: left;\"><strong>fin de l&#8217;hiver<\/strong> : admirer la collection de cam\u00e9lias et des magnolias.<\/li>\n<li style=\"text-align: left;\"><strong>Toute l\u2019ann\u00e9e<\/strong> : silhouettes majestueuses des arbres remarquables<\/li>\n<\/ul>\n<p class=\"isSelectedEnd\">Pour vous sp\u00e9cialistes, la d\u00e9couverte est une invitation \u00e0 l\u2019\u00e9merveillement, entre parfums subtils, textures vari\u00e9es et jeux de lumi\u00e8re.<\/p>\n<h2>Une collection vivante d\u2019exception<\/h2>\n<p class=\"isSelectedEnd\">Vous pourrez d\u00e9couvrir au coeur d&#8217;un vallon un univers v\u00e9g\u00e9tal rare, o\u00f9 la nature r\u00e9v\u00e8le toute sa richesse et son \u00e9l\u00e9gance. Notre collection botanique rassemble des esp\u00e8ces soigneusement collectionn\u00e9es de <strong>rhododendrons<\/strong>, <strong>cam\u00e9lias<\/strong>, <strong>azal\u00e9es<\/strong>, <strong>magnolias<\/strong> et d\u2019<strong>arbres remarquables<\/strong>\u00a0avec passion et respect.<\/p>\n<h2>\u00a0<\/h2>\n<div class=\"row\"  id=\"row-1807238707\">\n\n\n\t<div id=\"col-908885231\" class=\"col medium-3 small-6 large-3\"  >\n\t\t\t\t<div class=\"col-inner\"  >\n\t\t\t\n\t\t\t\n\n\t<div class=\"img has-hover x md-x lg-x y md-y lg-y\" id=\"image_146168220\">\n\t\t\t\t\t\t\t\t<div class=\"img-inner image-cover dark\" style=\"padding-top:75%;\">\n\t\t\t<img loading=\"lazy\" decoding=\"async\" width=\"1020\" height=\"680\" src=\"https:\/\/collection-stang-keroniel.fr\/wp-content\/uploads\/2026\/04\/IMG_0294-1024x683.jpg\" class=\"attachment-large size-large\" alt=\"\" srcset=\"https:\/\/collection-stang-keroniel.fr\/wp-content\/uploads\/2026\/04\/IMG_0294-1024x683.jpg 1024w, https:\/\/collection-stang-keroniel.fr\/wp-content\/uploads\/2026\/04\/IMG_0294-300x200.jpg 300w, https:\/\/collection-stang-keroniel.fr\/wp-content\/uploads\/2026\/04\/IMG_0294-768x512.jpg 768w, https:\/\/collection-stang-keroniel.fr\/wp-content\/uploads\/2026\/04\/IMG_0294-1536x1024.jpg 1536w, https:\/\/collection-stang-keroniel.fr\/wp-content\/uploads\/2026\/04\/IMG_0294-2048x1365.jpg 2048w\" sizes=\"auto, (max-width: 1020px) 100vw, 1020px\" \/>\t\t\t\t\t\t\n\t\t\t\t\t<\/div>\n\t\t\t\t\t\t\t\t\n<style>\n#image_146168220 {\n  width: 100%;\n}\n<\/style>\n\t<\/div>\n\t\n\n\n\t\t<\/div>\n\t\t\t\t\t<\/div>\n\n\t\n\n\t<div id=\"col-11142939\" class=\"col medium-3 small-6 large-3\"  >\n\t\t\t\t<div class=\"col-inner\"  >\n\t\t\t\n\t\t\t\n\n\t<div class=\"img has-hover x md-x lg-x y md-y lg-y\" id=\"image_2074884505\">\n\t\t\t\t\t\t\t\t<div class=\"img-inner image-cover dark\" style=\"padding-top:75%;\">\n\t\t\t<img loading=\"lazy\" decoding=\"async\" width=\"1020\" height=\"680\" src=\"https:\/\/collection-stang-keroniel.fr\/wp-content\/uploads\/2026\/04\/IMG_0302-1024x683.jpg\" class=\"attachment-large size-large\" alt=\"\" srcset=\"https:\/\/collection-stang-keroniel.fr\/wp-content\/uploads\/2026\/04\/IMG_0302-1024x683.jpg 1024w, https:\/\/collection-stang-keroniel.fr\/wp-content\/uploads\/2026\/04\/IMG_0302-300x200.jpg 300w, https:\/\/collection-stang-keroniel.fr\/wp-content\/uploads\/2026\/04\/IMG_0302-768x512.jpg 768w, https:\/\/collection-stang-keroniel.fr\/wp-content\/uploads\/2026\/04\/IMG_0302-1536x1024.jpg 1536w, https:\/\/collection-stang-keroniel.fr\/wp-content\/uploads\/2026\/04\/IMG_0302-2048x1365.jpg 2048w\" sizes=\"auto, (max-width: 1020px) 100vw, 1020px\" \/>\t\t\t\t\t\t\n\t\t\t\t\t<\/div>\n\t\t\t\t\t\t\t\t\n<style>\n#image_2074884505 {\n  width: 100%;\n}\n<\/style>\n\t<\/div>\n\t\n\n\n\t\t<\/div>\n\t\t\t\t\t<\/div>\n\n\t\n\n\t<div id=\"col-2041572120\" class=\"col medium-3 small-6 large-3\"  >\n\t\t\t\t<div class=\"col-inner\"  >\n\t\t\t\n\t\t\t\n\n\t<div class=\"img has-hover x md-x lg-x y md-y lg-y\" id=\"image_1282123429\">\n\t\t\t\t\t\t\t\t<div class=\"img-inner image-cover dark\" style=\"padding-top:75%;\">\n\t\t\t<img loading=\"lazy\" decoding=\"async\" width=\"768\" height=\"1024\" src=\"https:\/\/collection-stang-keroniel.fr\/wp-content\/uploads\/2026\/03\/IMG_8475-768x1024.jpg\" class=\"attachment-large size-large\" alt=\"\" srcset=\"https:\/\/collection-stang-keroniel.fr\/wp-content\/uploads\/2026\/03\/IMG_8475-768x1024.jpg 768w, https:\/\/collection-stang-keroniel.fr\/wp-content\/uploads\/2026\/03\/IMG_8475-225x300.jpg 225w, https:\/\/collection-stang-keroniel.fr\/wp-content\/uploads\/2026\/03\/IMG_8475-1152x1536.jpg 1152w, https:\/\/collection-stang-keroniel.fr\/wp-content\/uploads\/2026\/03\/IMG_8475-1536x2048.jpg 1536w, https:\/\/collection-stang-keroniel.fr\/wp-content\/uploads\/2026\/03\/IMG_8475-scaled.jpg 1920w\" sizes=\"auto, (max-width: 768px) 100vw, 768px\" \/>\t\t\t\t\t\t\n\t\t\t\t\t<\/div>\n\t\t\t\t\t\t\t\t\n<style>\n#image_1282123429 {\n  width: 100%;\n}\n<\/style>\n\t<\/div>\n\t\n\n\n\t\t<\/div>\n\t\t\t\t\t<\/div>\n\n\t\n\n\t<div id=\"col-184371386\" class=\"col medium-3 small-6 large-3\"  >\n\t\t\t\t<div class=\"col-inner\"  >\n\t\t\t\n\t\t\t\n\n\t<div class=\"img has-hover x md-x lg-x y md-y lg-y\" id=\"image_1635604813\">\n\t\t<a class=\"image-lightbox lightbox-gallery\" title=\"\" href=\"https:\/\/collection-stang-keroniel.fr\/wp-content\/uploads\/2026\/04\/IMG_0307-1024x683.jpg\">\t\t\t\t\t\t<div class=\"img-inner image-cover dark\" style=\"padding-top:75%;\">\n\t\t\t<img loading=\"lazy\" decoding=\"async\" width=\"1020\" height=\"680\" src=\"https:\/\/collection-stang-keroniel.fr\/wp-content\/uploads\/2026\/04\/IMG_0307-1024x683.jpg\" class=\"attachment-large size-large\" alt=\"\" srcset=\"https:\/\/collection-stang-keroniel.fr\/wp-content\/uploads\/2026\/04\/IMG_0307-1024x683.jpg 1024w, https:\/\/collection-stang-keroniel.fr\/wp-content\/uploads\/2026\/04\/IMG_0307-300x200.jpg 300w, https:\/\/collection-stang-keroniel.fr\/wp-content\/uploads\/2026\/04\/IMG_0307-768x512.jpg 768w, https:\/\/collection-stang-keroniel.fr\/wp-content\/uploads\/2026\/04\/IMG_0307-1536x1024.jpg 1536w, https:\/\/collection-stang-keroniel.fr\/wp-content\/uploads\/2026\/04\/IMG_0307-2048x1365.jpg 2048w\" sizes=\"auto, (max-width: 1020px) 100vw, 1020px\" \/>\t\t\t\t\t\t\n\t\t\t\t\t<\/div>\n\t\t\t\t\t\t<\/a>\t\t\n<style>\n#image_1635604813 {\n  width: 100%;\n}\n<\/style>\n\t<\/div>\n\t\n\n\n\t\t<\/div>\n\t\t\t\t\t<\/div>\n\n\t\n\n<\/div>\n\n\t\t<\/div>\n\t\t\t\t\t<\/div>\n\n\t\n\n<\/div>\n\n\t\t<\/div>\n\n\t\t\n<style>\n#section_92602286 {\n  padding-top: 59px;\n  padding-bottom: 59px;\n  min-height: 300px;\n  background-color: rgb(15, 81, 54);\n}\n<\/style>\n\t<\/section>\n\t\n<div class=\"row\"  id=\"row-1899330976\">\n\n\n\t<div id=\"col-476383172\" class=\"col medium-8 small-12 large-8\"  >\n\t\t\t\t<div class=\"col-inner\"  >\n\t\t\t\n\t\t\t\n\n<h2>Une exp\u00e9rience sensorielle unique<\/h2>\n<p class=\"isSelectedEnd\">Depuis 1973,et au fil des saisons, le jardin se d\u00e9voile\u00a0<\/p>\n<ul data-spread=\"false\">\n<li><strong>Printemps<\/strong> : explosion de couleurs avec les azal\u00e9es et rhododendrons en fleurs<\/li>\n<li><strong>D\u00e9but d\u2019\u00e9t\u00e9<\/strong> : \u00e9l\u00e9gance des rhododendrons tardifs et des feuillages luxuriants<\/li>\n<li><strong>Automne<\/strong> : les arbres se parent de leurs plus belles couleurs avant de rentrer dans l&#8217;hiver<\/li>\n<li><strong>fin de l&#8217;hiver<\/strong> : admirer la collection de cam\u00e9lias et des magnolias.<\/li>\n<li><strong>Toute l\u2019ann\u00e9e<\/strong> : silhouettes majestueuses des arbres remarquables<\/li>\n<\/ul>\n<p class=\"isSelectedEnd\">Pour vous sp\u00e9cialistes la d\u00e9couverte est une invitation \u00e0 l\u2019\u00e9merveillement, entre parfums subtils, textures vari\u00e9es et jeux de lumi\u00e8re.<\/p>\n<h2>\u00a0<\/h2>\n\n\t\t<\/div>\n\t\t\t\t\t<\/div>\n\n\t\n\n\t<div id=\"col-330561234\" class=\"col medium-4 small-12 large-4\"  >\n\t\t\t\t<div class=\"col-inner\"  >\n\t\t\t\n\t\t\t\n\n\t<div class=\"img has-hover x md-x lg-x y md-y lg-y\" id=\"image_340670862\">\n\t\t\t\t\t\t\t\t<div class=\"img-inner image-cover dark\" style=\"padding-top:200%;\">\n\t\t\t<img loading=\"lazy\" decoding=\"async\" width=\"768\" height=\"1024\" src=\"https:\/\/collection-stang-keroniel.fr\/wp-content\/uploads\/2026\/03\/IMG_8463-768x1024.jpg\" class=\"attachment-large size-large\" alt=\"\" srcset=\"https:\/\/collection-stang-keroniel.fr\/wp-content\/uploads\/2026\/03\/IMG_8463-768x1024.jpg 768w, https:\/\/collection-stang-keroniel.fr\/wp-content\/uploads\/2026\/03\/IMG_8463-225x300.jpg 225w, https:\/\/collection-stang-keroniel.fr\/wp-content\/uploads\/2026\/03\/IMG_8463-1152x1536.jpg 1152w, https:\/\/collection-stang-keroniel.fr\/wp-content\/uploads\/2026\/03\/IMG_8463-1536x2048.jpg 1536w, https:\/\/collection-stang-keroniel.fr\/wp-content\/uploads\/2026\/03\/IMG_8463-scaled.jpg 1920w\" sizes=\"auto, (max-width: 768px) 100vw, 768px\" \/>\t\t\t\t\t\t\n\t\t\t\t\t<\/div>\n\t\t\t\t\t\t\t\t\n<style>\n#image_340670862 {\n  width: 100%;\n}\n<\/style>\n\t<\/div>\n\t\n\n\n\t\t<\/div>\n\t\t\t\t\t<\/div>\n\n\t\n\n<\/div>\n<div class=\"row\"  id=\"row-499005045\">\n\n\n\t<div id=\"col-1387536932\" class=\"col medium-3 small-6 large-3\"  >\n\t\t\t\t<div class=\"col-inner\"  >\n\t\t\t\n\t\t\t\n\n\n\t\t<\/div>\n\t\t\t\t\t<\/div>\n\n\t\n\n\t<div id=\"col-991695458\" class=\"col medium-3 small-6 large-3\"  >\n\t\t\t\t<div class=\"col-inner\"  >\n\t\t\t\n\t\t\t\n\n\n\t\t<\/div>\n\t\t\t\t\t<\/div>\n\n\t\n\n\t<div id=\"col-942048337\" class=\"col medium-3 small-6 large-3\"  >\n\t\t\t\t<div class=\"col-inner\"  >\n\t\t\t\n\t\t\t\n\n\n\t\t<\/div>\n\t\t\t\t\t<\/div>\n\n\t\n\n\t<div id=\"col-1969558202\" class=\"col medium-3 small-6 large-3\"  >\n\t\t\t\t<div class=\"col-inner\"  >\n\t\t\t\n\t\t\t\n\n\n\t\t<\/div>\n\t\t\t\t\t<\/div>\n\n\t\n\n<\/div>\n\n","protected":false},"excerpt":{"rendered":"","protected":false},"author":1,"featured_media":0,"parent":0,"menu_order":0,"comment_status":"closed","ping_status":"closed","template":"page-transparent-header.php","meta":{"footnotes":""},"class_list":["post-15","page","type-page","status-publish","hentry"],"_links":{"self":[{"href":"https:\/\/collection-stang-keroniel.fr\/index.php\/wp-json\/wp\/v2\/pages\/15","targetHints":{"allow":["GET"]}}],"collection":[{"href":"https:\/\/collection-stang-keroniel.fr\/index.php\/wp-json\/wp\/v2\/pages"}],"about":[{"href":"https:\/\/collection-stang-keroniel.fr\/index.php\/wp-json\/wp\/v2\/types\/page"}],"author":[{"embeddable":true,"href":"https:\/\/collection-stang-keroniel.fr\/index.php\/wp-json\/wp\/v2\/users\/1"}],"replies":[{"embeddable":true,"href":"https:\/\/collection-stang-keroniel.fr\/index.php\/wp-json\/wp\/v2\/comments?post=15"}],"version-history":[{"count":18,"href":"https:\/\/collection-stang-keroniel.fr\/index.php\/wp-json\/wp\/v2\/pages\/15\/revisions"}],"predecessor-version":[{"id":169,"href":"https:\/\/collection-stang-keroniel.fr\/index.php\/wp-json\/wp\/v2\/pages\/15\/revisions\/169"}],"wp:attachment":[{"href":"https:\/\/collection-stang-keroniel.fr\/index.php\/wp-json\/wp\/v2\/media?parent=15"}],"curies":[{"name":"wp","href":"https:\/\/api.w.org\/{rel}","templated":true}]}}